{"id":416,"date":"2017-03-16T14:02:16","date_gmt":"2017-03-16T14:02:16","guid":{"rendered":"http:\/\/www.rdba.ca\/?page_id=416&#038;lang=fr"},"modified":"2024-05-26T14:47:16","modified_gmt":"2024-05-26T14:47:16","slug":"investors-f","status":"publish","type":"page","link":"https:\/\/www.rdba.ca\/fr\/investors-f\/","title":{"rendered":"Pour les investisseurs"},"content":{"rendered":"<h2 class=\"investors_title\">L\u2019Association des courtiers en d\u00e9p\u00f4t inscrits (ACDI) est l\u2019association professionnelle canadienne de normalisation pour les courtiers de l\u2019industrie des d\u00e9p\u00f4ts. Elle a \u00e9t\u00e9 \u00e9tablie en 1986 et incorpor\u00e9e en 1987.<\/h2>\n<p class=\"investors_pg\">Peu importe les raisons pour lesquelles vous \u00e9pargnez, un courtier en d\u00e9p\u00f4t peut vous aider \u00e0 atteindre vos objectifs financiers. Les courtiers en d\u00e9p\u00f4t respectent volontiers les normes et directives rigoureuses de l\u2019Association des courtiers en d\u00e9p\u00f4t inscrits (ACDI). Les courtiers en d\u00e9p\u00f4t agissent \u00e0 titre de mandataires des institutions financi\u00e8res (IF) pour lesquelles ils vendent des produits. Les IF sont r\u00e9glement\u00e9es par de nombreux organismes gouvernementaux, dont (lien vers les renseignements sur la r\u00e9glementation) le BSIF, le CANAFE, et l\u2019ACFC. Les membres de l\u2019ACDI agissent dans l\u2019int\u00e9r\u00eat du public en se soumettant aux directives, aux r\u00e8glements et aux normes de l\u2019ACDI. Les courtiers en d\u00e9p\u00f4t sont des professionnels ind\u00e9pendants qui ne sont pas restreints aux produits d\u2019une seule IF. Ils ont acc\u00e8s \u00e0 une gamme \u00e9largie de produits de placement \u00e0 faible risque tels que les certificats de placement garanti (CPG) et ils peuvent vous aider \u00e0 b\u00e2tir le portefeuille qui correspond le mieux \u00e0 vos besoins<\/p>\n","protected":false},"excerpt":{"rendered":"<p>L\u2019Association des courtiers en d\u00e9p\u00f4t inscrits (ACDI) est l\u2019association professionnelle canadienne de normalisation pour les courtiers de l\u2019industrie des d\u00e9p\u00f4ts. Elle a \u00e9t\u00e9 \u00e9tablie en 1986 et incorpor\u00e9e en 1987. Peu importe les raisons pour lesquelles vous \u00e9pargnez, un courtier en d\u00e9p\u00f4t peut vous aider \u00e0 atteindre vos objectifs financiers. Les courtiers en d\u00e9p\u00f4t respectent &hellip; <\/p>\n<p class=\"link-more\"><a href=\"https:\/\/www.rdba.ca\/fr\/investors-f\/\" class=\"more-link\">Continue reading<span class=\"screen-reader-text\"> \u00ab\u00a0Pour les investisseurs\u00a0\u00bb<\/span><\/a><\/p>\n","protected":false},"author":4,"featured_media":0,"parent":0,"menu_order":2,"comment_status":"closed","ping_status":"closed","template":"landing-page.php","meta":{"_acf_changed":false,"footnotes":""},"class_list":["post-416","page","type-page","status-publish","hentry"],"acf":[],"yoast_head":"<!-- This site is optimized with the Yoast SEO plugin v27.3 - https:\/\/yoast.com\/product\/yoast-seo-wordpress\/ -->\n<title>Pour les investisseurs - Registered Deposit Brokers Association<\/title>\n<meta name=\"description\" content=\"RDBA helps protect investors by providing compliance training for Deposit Brokers. Investors can have confidence while getting the best term deposit rates.\" \/>\n<meta name=\"robots\" content=\"index, follow, max-snippet:-1, max-image-preview:large, max-video-preview:-1\" \/>\n<link rel=\"canonical\" href=\"https:\/\/www.rdba.ca\/fr\/investors-f\/\" \/>\n<meta property=\"og:locale\" content=\"fr_FR\" \/>\n<meta property=\"og:type\" content=\"article\" \/>\n<meta property=\"og:title\" content=\"Pour les investisseurs - Registered Deposit Brokers Association\" \/>\n<meta property=\"og:description\" content=\"RDBA helps protect investors by providing compliance training for Deposit Brokers. Investors can have confidence while getting the best term deposit rates.\" \/>\n<meta property=\"og:url\" content=\"https:\/\/www.rdba.ca\/fr\/investors-f\/\" \/>\n<meta property=\"og:site_name\" content=\"Registered Deposit Brokers Association\" \/>\n<meta property=\"article:modified_time\" content=\"2024-05-26T14:47:16+00:00\" \/>\n<meta name=\"twitter:card\" content=\"summary_large_image\" \/>\n<meta name=\"twitter:label1\" content=\"Dur\u00e9e de lecture estim\u00e9e\" \/>\n\t<meta name=\"twitter:data1\" content=\"1 minute\" \/>\n<script type=\"application\/ld+json\" class=\"yoast-schema-graph\">{\"@context\":\"https:\\\/\\\/schema.org\",\"@graph\":[{\"@type\":\"WebPage\",\"@id\":\"https:\\\/\\\/www.rdba.ca\\\/fr\\\/investors-f\\\/\",\"url\":\"https:\\\/\\\/www.rdba.ca\\\/fr\\\/investors-f\\\/\",\"name\":\"Pour les investisseurs - Registered Deposit Brokers Association\",\"isPartOf\":{\"@id\":\"https:\\\/\\\/www.rdba.ca\\\/#website\"},\"datePublished\":\"2017-03-16T14:02:16+00:00\",\"dateModified\":\"2024-05-26T14:47:16+00:00\",\"description\":\"RDBA helps protect investors by providing compliance training for Deposit Brokers. Investors can have confidence while getting the best term deposit rates.\",\"breadcrumb\":{\"@id\":\"https:\\\/\\\/www.rdba.ca\\\/fr\\\/investors-f\\\/#breadcrumb\"},\"inLanguage\":\"fr-FR\",\"potentialAction\":[{\"@type\":\"ReadAction\",\"target\":[\"https:\\\/\\\/www.rdba.ca\\\/fr\\\/investors-f\\\/\"]}]},{\"@type\":\"BreadcrumbList\",\"@id\":\"https:\\\/\\\/www.rdba.ca\\\/fr\\\/investors-f\\\/#breadcrumb\",\"itemListElement\":[{\"@type\":\"ListItem\",\"position\":1,\"name\":\"Home\",\"item\":\"https:\\\/\\\/www.rdba.ca\\\/fr\\\/\"},{\"@type\":\"ListItem\",\"position\":2,\"name\":\"Pour les investisseurs\"}]},{\"@type\":\"WebSite\",\"@id\":\"https:\\\/\\\/www.rdba.ca\\\/#website\",\"url\":\"https:\\\/\\\/www.rdba.ca\\\/\",\"name\":\"Registered Deposit Brokers Association\",\"description\":\"\",\"publisher\":{\"@id\":\"https:\\\/\\\/www.rdba.ca\\\/#organization\"},\"potentialAction\":[{\"@type\":\"SearchAction\",\"target\":{\"@type\":\"EntryPoint\",\"urlTemplate\":\"https:\\\/\\\/www.rdba.ca\\\/?s={search_term_string}\"},\"query-input\":{\"@type\":\"PropertyValueSpecification\",\"valueRequired\":true,\"valueName\":\"search_term_string\"}}],\"inLanguage\":\"fr-FR\"},{\"@type\":\"Organization\",\"@id\":\"https:\\\/\\\/www.rdba.ca\\\/#organization\",\"name\":\"Registered Deposit Brokers Association\",\"url\":\"https:\\\/\\\/www.rdba.ca\\\/\",\"logo\":{\"@type\":\"ImageObject\",\"inLanguage\":\"fr-FR\",\"@id\":\"https:\\\/\\\/www.rdba.ca\\\/#\\\/schema\\\/logo\\\/image\\\/\",\"url\":\"https:\\\/\\\/www.rdba.ca\\\/wp-content\\\/uploads\\\/2017\\\/03\\\/logo.png\",\"contentUrl\":\"https:\\\/\\\/www.rdba.ca\\\/wp-content\\\/uploads\\\/2017\\\/03\\\/logo.png\",\"width\":322,\"height\":79,\"caption\":\"Registered Deposit Brokers Association\"},\"image\":{\"@id\":\"https:\\\/\\\/www.rdba.ca\\\/#\\\/schema\\\/logo\\\/image\\\/\"}}]}<\/script>\n<!-- \/ Yoast SEO plugin. -->","yoast_head_json":{"title":"Pour les investisseurs - Registered Deposit Brokers Association","description":"RDBA helps protect investors by providing compliance training for Deposit Brokers. Investors can have confidence while getting the best term deposit rates.","robots":{"index":"index","follow":"follow","max-snippet":"max-snippet:-1","max-image-preview":"max-image-preview:large","max-video-preview":"max-video-preview:-1"},"canonical":"https:\/\/www.rdba.ca\/fr\/investors-f\/","og_locale":"fr_FR","og_type":"article","og_title":"Pour les investisseurs - Registered Deposit Brokers Association","og_description":"RDBA helps protect investors by providing compliance training for Deposit Brokers. Investors can have confidence while getting the best term deposit rates.","og_url":"https:\/\/www.rdba.ca\/fr\/investors-f\/","og_site_name":"Registered Deposit Brokers Association","article_modified_time":"2024-05-26T14:47:16+00:00","twitter_card":"summary_large_image","twitter_misc":{"Dur\u00e9e de lecture estim\u00e9e":"1 minute"},"schema":{"@context":"https:\/\/schema.org","@graph":[{"@type":"WebPage","@id":"https:\/\/www.rdba.ca\/fr\/investors-f\/","url":"https:\/\/www.rdba.ca\/fr\/investors-f\/","name":"Pour les investisseurs - Registered Deposit Brokers Association","isPartOf":{"@id":"https:\/\/www.rdba.ca\/#website"},"datePublished":"2017-03-16T14:02:16+00:00","dateModified":"2024-05-26T14:47:16+00:00","description":"RDBA helps protect investors by providing compliance training for Deposit Brokers. Investors can have confidence while getting the best term deposit rates.","breadcrumb":{"@id":"https:\/\/www.rdba.ca\/fr\/investors-f\/#breadcrumb"},"inLanguage":"fr-FR","potentialAction":[{"@type":"ReadAction","target":["https:\/\/www.rdba.ca\/fr\/investors-f\/"]}]},{"@type":"BreadcrumbList","@id":"https:\/\/www.rdba.ca\/fr\/investors-f\/#breadcrumb","itemListElement":[{"@type":"ListItem","position":1,"name":"Home","item":"https:\/\/www.rdba.ca\/fr\/"},{"@type":"ListItem","position":2,"name":"Pour les investisseurs"}]},{"@type":"WebSite","@id":"https:\/\/www.rdba.ca\/#website","url":"https:\/\/www.rdba.ca\/","name":"Registered Deposit Brokers Association","description":"","publisher":{"@id":"https:\/\/www.rdba.ca\/#organization"},"potentialAction":[{"@type":"SearchAction","target":{"@type":"EntryPoint","urlTemplate":"https:\/\/www.rdba.ca\/?s={search_term_string}"},"query-input":{"@type":"PropertyValueSpecification","valueRequired":true,"valueName":"search_term_string"}}],"inLanguage":"fr-FR"},{"@type":"Organization","@id":"https:\/\/www.rdba.ca\/#organization","name":"Registered Deposit Brokers Association","url":"https:\/\/www.rdba.ca\/","logo":{"@type":"ImageObject","inLanguage":"fr-FR","@id":"https:\/\/www.rdba.ca\/#\/schema\/logo\/image\/","url":"https:\/\/www.rdba.ca\/wp-content\/uploads\/2017\/03\/logo.png","contentUrl":"https:\/\/www.rdba.ca\/wp-content\/uploads\/2017\/03\/logo.png","width":322,"height":79,"caption":"Registered Deposit Brokers Association"},"image":{"@id":"https:\/\/www.rdba.ca\/#\/schema\/logo\/image\/"}}]}},"_links":{"self":[{"href":"https:\/\/www.rdba.ca\/fr\/wp-json\/wp\/v2\/pages\/416","targetHints":{"allow":["GET"]}}],"collection":[{"href":"https:\/\/www.rdba.ca\/fr\/wp-json\/wp\/v2\/pages"}],"about":[{"href":"https:\/\/www.rdba.ca\/fr\/wp-json\/wp\/v2\/types\/page"}],"author":[{"embeddable":true,"href":"https:\/\/www.rdba.ca\/fr\/wp-json\/wp\/v2\/users\/4"}],"replies":[{"embeddable":true,"href":"https:\/\/www.rdba.ca\/fr\/wp-json\/wp\/v2\/comments?post=416"}],"version-history":[{"count":31,"href":"https:\/\/www.rdba.ca\/fr\/wp-json\/wp\/v2\/pages\/416\/revisions"}],"predecessor-version":[{"id":7570,"href":"https:\/\/www.rdba.ca\/fr\/wp-json\/wp\/v2\/pages\/416\/revisions\/7570"}],"wp:attachment":[{"href":"https:\/\/www.rdba.ca\/fr\/wp-json\/wp\/v2\/media?parent=416"}],"curies":[{"name":"wp","href":"https:\/\/api.w.org\/{rel}","templated":true}]}}