{"id":430,"date":"2017-03-16T17:15:19","date_gmt":"2017-03-16T17:15:19","guid":{"rendered":"http:\/\/www.rdba.ca\/?page_id=430&#038;lang=fr"},"modified":"2024-07-12T18:11:46","modified_gmt":"2024-07-12T18:11:46","slug":"financial-institutions-deposit-brokers","status":"publish","type":"page","link":"https:\/\/www.rdba.ca\/fr\/financial-institutions-deposit-brokers\/","title":{"rendered":"Courtiers en d\u00e9p\u00f4t"},"content":{"rendered":"<h2 class=\"intro\">L\u2019ACDI favorise un march\u00e9 s\u00fbr et bien renseign\u00e9 pour les investisseurs en favorisant l\u2019adoption de normes \u00e9lev\u00e9es en mati\u00e8re de pratique professionnelle et de formation de ses membres.<\/h2>\n<p class=\"rdba_txt\">L\u2019ACDI offre des formations officielles et normalis\u00e9es aux courtiers en d\u00e9p\u00f4t et aux professionnels de la finance qui travaillent dans le march\u00e9 des valeurs \u00e0 revenu fixe et fond\u00e9 sur les d\u00e9p\u00f4ts.<\/p>\n<p class=\"rdba_txt\">Les institutions financi\u00e8res et les courtiers en d\u00e9p\u00f4t membres de l\u2019ACDI partagent des renseignements et des id\u00e9es et ils ont acc\u00e8s \u00e0 des occasions de formation, notamment au seul cours canadien sur les d\u00e9p\u00f4ts valant 30 cr\u00e9dits de formation continue approuv\u00e9 par Advocis et l\u2019organisme The Institute for Advanced Financial Education.<\/p>\n<div class=\"value_membership_container\">\n<h3 class=\"value_membership_title\">Valeur de l\u2019adh\u00e9sion \u00e0 l\u2019ACDI<\/h3>\n<ul>\n<div class=\"value_membership_container_left\">\n<li>\n<p>Un test sur la lutte contre le blanchiment d\u2019argent qui a \u00e9t\u00e9 approuv\u00e9 par nos IF membres pour la vente de CPG enregistr\u00e9s aux noms des clients.<\/p>\n<\/li>\n<li>\n<p>Une formation sur la lutte contre le blanchiment d\u2019argent mise en place pour se renseigner sur les nouvelles r\u00e8gles avant qu\u2019elles n\u2019entrent en vigueur.<\/p>\n<\/li>\n<li>\n<p>Les r\u00e9sultats du test sur la lutte contre le blanchiment d\u2019argent sont automatiquement transmis \u00e0 toutes les IF membres de l\u2019ACDI avec qui vous faites des d\u00e9p\u00f4ts.<\/p>\n<\/li>\n<\/div>\n<div class=\"value_membership_container_right\">\n<li>\n<p>Formulaires normalis\u00e9s de l\u2019industrie approuv\u00e9s par les IF membres.<\/p>\n<\/li>\n<li>\n<p>Un questionnaire annuel de conformit\u00e9 des courtiers que doivent remplir tous les courtiers en d\u00e9p\u00f4t qui ont un contrat avec une agence, dont les r\u00e9sultats sont automatiquement transmis \u00e0 toutes les IF membres de l\u2019ACDI avec qui le courtier effectue des d\u00e9p\u00f4ts.<\/p>\n<\/li>\n<li>\n<p>Le nom et le profil d\u2019entreprise des membres de l\u2019ACDI sont affich\u00e9s sur le site Web de l\u2019ACDI et ils peuvent \u00eatre consult\u00e9s au moyen du moteur de recherche sur les courtiers en d\u00e9p\u00f4t.<\/p>\n<\/li>\n<\/ul>\n<\/div>\n","protected":false},"excerpt":{"rendered":"<p>L\u2019ACDI favorise un march\u00e9 s\u00fbr et bien renseign\u00e9 pour les investisseurs en favorisant l\u2019adoption de normes \u00e9lev\u00e9es en mati\u00e8re de pratique professionnelle et de formation de ses membres. L\u2019ACDI offre des formations officielles et normalis\u00e9es aux courtiers en d\u00e9p\u00f4t et aux professionnels de la finance qui travaillent dans le march\u00e9 des valeurs \u00e0 revenu fixe &hellip; <\/p>\n<p class=\"link-more\"><a href=\"https:\/\/www.rdba.ca\/fr\/financial-institutions-deposit-brokers\/\" class=\"more-link\">Continue reading<span class=\"screen-reader-text\"> \u00ab\u00a0Courtiers en d\u00e9p\u00f4t\u00a0\u00bb<\/span><\/a><\/p>\n","protected":false},"author":4,"featured_media":0,"parent":0,"menu_order":3,"comment_status":"closed","ping_status":"closed","template":"financial-institution.php","meta":{"_acf_changed":false,"footnotes":""},"class_list":["post-430","page","type-page","status-publish","hentry"],"acf":[],"yoast_head":"<!-- This site is optimized with the Yoast SEO plugin v27.3 - https:\/\/yoast.com\/product\/yoast-seo-wordpress\/ -->\n<title>Courtiers en d\u00e9p\u00f4t - Registered Deposit Brokers Association<\/title>\n<meta name=\"robots\" content=\"index, follow, max-snippet:-1, max-image-preview:large, max-video-preview:-1\" \/>\n<link rel=\"canonical\" href=\"https:\/\/www.rdba.ca\/fr\/financial-institutions-deposit-brokers\/\" \/>\n<meta property=\"og:locale\" content=\"fr_FR\" \/>\n<meta property=\"og:type\" content=\"article\" \/>\n<meta property=\"og:title\" content=\"Courtiers en d\u00e9p\u00f4t - Registered Deposit Brokers Association\" \/>\n<meta property=\"og:description\" content=\"L\u2019ACDI favorise un march\u00e9 s\u00fbr et bien renseign\u00e9 pour les investisseurs en favorisant l\u2019adoption de normes \u00e9lev\u00e9es en mati\u00e8re de pratique professionnelle et de formation de ses membres. L\u2019ACDI offre des formations officielles et normalis\u00e9es aux courtiers en d\u00e9p\u00f4t et aux professionnels de la finance qui travaillent dans le march\u00e9 des valeurs \u00e0 revenu fixe &hellip; Continue reading &quot;Courtiers en d\u00e9p\u00f4t&quot;\" \/>\n<meta property=\"og:url\" content=\"https:\/\/www.rdba.ca\/fr\/financial-institutions-deposit-brokers\/\" \/>\n<meta property=\"og:site_name\" content=\"Registered Deposit Brokers Association\" \/>\n<meta property=\"article:modified_time\" content=\"2024-07-12T18:11:46+00:00\" \/>\n<meta name=\"twitter:card\" content=\"summary_large_image\" \/>\n<meta name=\"twitter:label1\" content=\"Dur\u00e9e de lecture estim\u00e9e\" \/>\n\t<meta name=\"twitter:data1\" content=\"2 minutes\" \/>\n<script type=\"application\/ld+json\" class=\"yoast-schema-graph\">{\"@context\":\"https:\\\/\\\/schema.org\",\"@graph\":[{\"@type\":\"WebPage\",\"@id\":\"https:\\\/\\\/www.rdba.ca\\\/fr\\\/financial-institutions-deposit-brokers\\\/\",\"url\":\"https:\\\/\\\/www.rdba.ca\\\/fr\\\/financial-institutions-deposit-brokers\\\/\",\"name\":\"Courtiers en d\u00e9p\u00f4t - Registered Deposit Brokers Association\",\"isPartOf\":{\"@id\":\"https:\\\/\\\/www.rdba.ca\\\/#website\"},\"datePublished\":\"2017-03-16T17:15:19+00:00\",\"dateModified\":\"2024-07-12T18:11:46+00:00\",\"breadcrumb\":{\"@id\":\"https:\\\/\\\/www.rdba.ca\\\/fr\\\/financial-institutions-deposit-brokers\\\/#breadcrumb\"},\"inLanguage\":\"fr-FR\",\"potentialAction\":[{\"@type\":\"ReadAction\",\"target\":[\"https:\\\/\\\/www.rdba.ca\\\/fr\\\/financial-institutions-deposit-brokers\\\/\"]}]},{\"@type\":\"BreadcrumbList\",\"@id\":\"https:\\\/\\\/www.rdba.ca\\\/fr\\\/financial-institutions-deposit-brokers\\\/#breadcrumb\",\"itemListElement\":[{\"@type\":\"ListItem\",\"position\":1,\"name\":\"Home\",\"item\":\"https:\\\/\\\/www.rdba.ca\\\/fr\\\/\"},{\"@type\":\"ListItem\",\"position\":2,\"name\":\"Courtiers en d\u00e9p\u00f4t\"}]},{\"@type\":\"WebSite\",\"@id\":\"https:\\\/\\\/www.rdba.ca\\\/#website\",\"url\":\"https:\\\/\\\/www.rdba.ca\\\/\",\"name\":\"Registered Deposit Brokers Association\",\"description\":\"\",\"publisher\":{\"@id\":\"https:\\\/\\\/www.rdba.ca\\\/#organization\"},\"potentialAction\":[{\"@type\":\"SearchAction\",\"target\":{\"@type\":\"EntryPoint\",\"urlTemplate\":\"https:\\\/\\\/www.rdba.ca\\\/?s={search_term_string}\"},\"query-input\":{\"@type\":\"PropertyValueSpecification\",\"valueRequired\":true,\"valueName\":\"search_term_string\"}}],\"inLanguage\":\"fr-FR\"},{\"@type\":\"Organization\",\"@id\":\"https:\\\/\\\/www.rdba.ca\\\/#organization\",\"name\":\"Registered Deposit Brokers Association\",\"url\":\"https:\\\/\\\/www.rdba.ca\\\/\",\"logo\":{\"@type\":\"ImageObject\",\"inLanguage\":\"fr-FR\",\"@id\":\"https:\\\/\\\/www.rdba.ca\\\/#\\\/schema\\\/logo\\\/image\\\/\",\"url\":\"https:\\\/\\\/www.rdba.ca\\\/wp-content\\\/uploads\\\/2017\\\/03\\\/logo.png\",\"contentUrl\":\"https:\\\/\\\/www.rdba.ca\\\/wp-content\\\/uploads\\\/2017\\\/03\\\/logo.png\",\"width\":322,\"height\":79,\"caption\":\"Registered Deposit Brokers Association\"},\"image\":{\"@id\":\"https:\\\/\\\/www.rdba.ca\\\/#\\\/schema\\\/logo\\\/image\\\/\"}}]}<\/script>\n<!-- \/ Yoast SEO plugin. -->","yoast_head_json":{"title":"Courtiers en d\u00e9p\u00f4t - Registered Deposit Brokers Association","robots":{"index":"index","follow":"follow","max-snippet":"max-snippet:-1","max-image-preview":"max-image-preview:large","max-video-preview":"max-video-preview:-1"},"canonical":"https:\/\/www.rdba.ca\/fr\/financial-institutions-deposit-brokers\/","og_locale":"fr_FR","og_type":"article","og_title":"Courtiers en d\u00e9p\u00f4t - Registered Deposit Brokers Association","og_description":"L\u2019ACDI favorise un march\u00e9 s\u00fbr et bien renseign\u00e9 pour les investisseurs en favorisant l\u2019adoption de normes \u00e9lev\u00e9es en mati\u00e8re de pratique professionnelle et de formation de ses membres. L\u2019ACDI offre des formations officielles et normalis\u00e9es aux courtiers en d\u00e9p\u00f4t et aux professionnels de la finance qui travaillent dans le march\u00e9 des valeurs \u00e0 revenu fixe &hellip; Continue reading \"Courtiers en d\u00e9p\u00f4t\"","og_url":"https:\/\/www.rdba.ca\/fr\/financial-institutions-deposit-brokers\/","og_site_name":"Registered Deposit Brokers Association","article_modified_time":"2024-07-12T18:11:46+00:00","twitter_card":"summary_large_image","twitter_misc":{"Dur\u00e9e de lecture estim\u00e9e":"2 minutes"},"schema":{"@context":"https:\/\/schema.org","@graph":[{"@type":"WebPage","@id":"https:\/\/www.rdba.ca\/fr\/financial-institutions-deposit-brokers\/","url":"https:\/\/www.rdba.ca\/fr\/financial-institutions-deposit-brokers\/","name":"Courtiers en d\u00e9p\u00f4t - Registered Deposit Brokers Association","isPartOf":{"@id":"https:\/\/www.rdba.ca\/#website"},"datePublished":"2017-03-16T17:15:19+00:00","dateModified":"2024-07-12T18:11:46+00:00","breadcrumb":{"@id":"https:\/\/www.rdba.ca\/fr\/financial-institutions-deposit-brokers\/#breadcrumb"},"inLanguage":"fr-FR","potentialAction":[{"@type":"ReadAction","target":["https:\/\/www.rdba.ca\/fr\/financial-institutions-deposit-brokers\/"]}]},{"@type":"BreadcrumbList","@id":"https:\/\/www.rdba.ca\/fr\/financial-institutions-deposit-brokers\/#breadcrumb","itemListElement":[{"@type":"ListItem","position":1,"name":"Home","item":"https:\/\/www.rdba.ca\/fr\/"},{"@type":"ListItem","position":2,"name":"Courtiers en d\u00e9p\u00f4t"}]},{"@type":"WebSite","@id":"https:\/\/www.rdba.ca\/#website","url":"https:\/\/www.rdba.ca\/","name":"Registered Deposit Brokers Association","description":"","publisher":{"@id":"https:\/\/www.rdba.ca\/#organization"},"potentialAction":[{"@type":"SearchAction","target":{"@type":"EntryPoint","urlTemplate":"https:\/\/www.rdba.ca\/?s={search_term_string}"},"query-input":{"@type":"PropertyValueSpecification","valueRequired":true,"valueName":"search_term_string"}}],"inLanguage":"fr-FR"},{"@type":"Organization","@id":"https:\/\/www.rdba.ca\/#organization","name":"Registered Deposit Brokers Association","url":"https:\/\/www.rdba.ca\/","logo":{"@type":"ImageObject","inLanguage":"fr-FR","@id":"https:\/\/www.rdba.ca\/#\/schema\/logo\/image\/","url":"https:\/\/www.rdba.ca\/wp-content\/uploads\/2017\/03\/logo.png","contentUrl":"https:\/\/www.rdba.ca\/wp-content\/uploads\/2017\/03\/logo.png","width":322,"height":79,"caption":"Registered Deposit Brokers Association"},"image":{"@id":"https:\/\/www.rdba.ca\/#\/schema\/logo\/image\/"}}]}},"_links":{"self":[{"href":"https:\/\/www.rdba.ca\/fr\/wp-json\/wp\/v2\/pages\/430","targetHints":{"allow":["GET"]}}],"collection":[{"href":"https:\/\/www.rdba.ca\/fr\/wp-json\/wp\/v2\/pages"}],"about":[{"href":"https:\/\/www.rdba.ca\/fr\/wp-json\/wp\/v2\/types\/page"}],"author":[{"embeddable":true,"href":"https:\/\/www.rdba.ca\/fr\/wp-json\/wp\/v2\/users\/4"}],"replies":[{"embeddable":true,"href":"https:\/\/www.rdba.ca\/fr\/wp-json\/wp\/v2\/comments?post=430"}],"version-history":[{"count":37,"href":"https:\/\/www.rdba.ca\/fr\/wp-json\/wp\/v2\/pages\/430\/revisions"}],"predecessor-version":[{"id":7739,"href":"https:\/\/www.rdba.ca\/fr\/wp-json\/wp\/v2\/pages\/430\/revisions\/7739"}],"wp:attachment":[{"href":"https:\/\/www.rdba.ca\/fr\/wp-json\/wp\/v2\/media?parent=430"}],"curies":[{"name":"wp","href":"https:\/\/api.w.org\/{rel}","templated":true}]}}