{"id":440,"date":"2017-03-16T17:45:28","date_gmt":"2017-03-16T17:45:28","guid":{"rendered":"http:\/\/www.rdba.ca\/?page_id=440&#038;lang=fr"},"modified":"2025-02-14T15:37:50","modified_gmt":"2025-02-14T15:37:50","slug":"about-rdba","status":"publish","type":"page","link":"https:\/\/www.rdba.ca\/fr\/about-rdba\/","title":{"rendered":"\u00c0 propos de l\u2019ACDI"},"content":{"rendered":"<h2>Fond\u00e9e en 1986, l\u2019Association des courtiers en d\u00e9p\u00f4t inscrits (ACDI) est l\u2019association professionnelle canadienne de normalisation pour les courtiers de l\u2019industrie des d\u00e9p\u00f4ts.<\/h2>\n<p class=\"about_cnt_txt\">L\u2019ACDI prot\u00e8ge les int\u00e9r\u00eats des d\u00e9posants et renforce l\u2019int\u00e9grit\u00e9 du march\u00e9 et l\u2019efficacit\u00e9 des courtiers en d\u00e9p\u00f4t du Canada. L\u2019ACDI contribue \u00e0 l\u2019\u00e9laboration de projets r\u00e9glementaires, elle donne \u00e0 ses membres des occasions d\u2019\u00e9changer des id\u00e9es, elle les informe sur les enjeux de l\u2019industrie, elle offre des cours approuv\u00e9s par Advocis qui permettent d\u2019obtenir des titres et elle tient un registre national et un service de r\u00e9f\u00e9rence pour les clients et les institutions financi\u00e8res qui cherchent un courtier en d\u00e9p\u00f4t. Parmi les membres de l\u2019ACDI, on compte des institutions financi\u00e8res canadiennes et des courtiers en d\u00e9p\u00f4t.<\/p>\n","protected":false},"excerpt":{"rendered":"<p>Fond\u00e9e en 1986, l\u2019Association des courtiers en d\u00e9p\u00f4t inscrits (ACDI) est l\u2019association professionnelle canadienne de normalisation pour les courtiers de l\u2019industrie des d\u00e9p\u00f4ts. L\u2019ACDI prot\u00e8ge les int\u00e9r\u00eats des d\u00e9posants et renforce l\u2019int\u00e9grit\u00e9 du march\u00e9 et l\u2019efficacit\u00e9 des courtiers en d\u00e9p\u00f4t du Canada. L\u2019ACDI contribue \u00e0 l\u2019\u00e9laboration de projets r\u00e9glementaires, elle donne \u00e0 ses membres des &hellip; <\/p>\n<p class=\"link-more\"><a href=\"https:\/\/www.rdba.ca\/fr\/about-rdba\/\" class=\"more-link\">Continue reading<span class=\"screen-reader-text\"> \u00ab\u00a0\u00c0 propos de l\u2019ACDI\u00a0\u00bb<\/span><\/a><\/p>\n","protected":false},"author":3,"featured_media":0,"parent":0,"menu_order":4,"comment_status":"closed","ping_status":"closed","template":"aboutus.php","meta":{"_acf_changed":false,"footnotes":""},"class_list":["post-440","page","type-page","status-publish","hentry"],"acf":[],"yoast_head":"<!-- This site is optimized with the Yoast SEO plugin v27.3 - https:\/\/yoast.com\/product\/yoast-seo-wordpress\/ -->\n<title>\u00c0 propos de l\u2019ACDI - Registered Deposit Brokers Association<\/title>\n<meta name=\"robots\" content=\"index, follow, max-snippet:-1, max-image-preview:large, max-video-preview:-1\" \/>\n<link rel=\"canonical\" href=\"https:\/\/www.rdba.ca\/fr\/about-rdba\/\" \/>\n<meta property=\"og:locale\" content=\"fr_FR\" \/>\n<meta property=\"og:type\" content=\"article\" \/>\n<meta property=\"og:title\" content=\"\u00c0 propos de l\u2019ACDI - Registered Deposit Brokers Association\" \/>\n<meta property=\"og:description\" content=\"Fond\u00e9e en 1986, l\u2019Association des courtiers en d\u00e9p\u00f4t inscrits (ACDI) est l\u2019association professionnelle canadienne de normalisation pour les courtiers de l\u2019industrie des d\u00e9p\u00f4ts. L\u2019ACDI prot\u00e8ge les int\u00e9r\u00eats des d\u00e9posants et renforce l\u2019int\u00e9grit\u00e9 du march\u00e9 et l\u2019efficacit\u00e9 des courtiers en d\u00e9p\u00f4t du Canada. L\u2019ACDI contribue \u00e0 l\u2019\u00e9laboration de projets r\u00e9glementaires, elle donne \u00e0 ses membres des &hellip; Continue reading &quot;\u00c0 propos de l\u2019ACDI&quot;\" \/>\n<meta property=\"og:url\" content=\"https:\/\/www.rdba.ca\/fr\/about-rdba\/\" \/>\n<meta property=\"og:site_name\" content=\"Registered Deposit Brokers Association\" \/>\n<meta property=\"article:modified_time\" content=\"2025-02-14T15:37:50+00:00\" \/>\n<meta name=\"twitter:card\" content=\"summary_large_image\" \/>\n<meta name=\"twitter:label1\" content=\"Dur\u00e9e de lecture estim\u00e9e\" \/>\n\t<meta name=\"twitter:data1\" content=\"1 minute\" \/>\n<script type=\"application\/ld+json\" class=\"yoast-schema-graph\">{\"@context\":\"https:\\\/\\\/schema.org\",\"@graph\":[{\"@type\":\"WebPage\",\"@id\":\"https:\\\/\\\/www.rdba.ca\\\/fr\\\/about-rdba\\\/\",\"url\":\"https:\\\/\\\/www.rdba.ca\\\/fr\\\/about-rdba\\\/\",\"name\":\"\u00c0 propos de l\u2019ACDI - Registered Deposit Brokers Association\",\"isPartOf\":{\"@id\":\"https:\\\/\\\/www.rdba.ca\\\/#website\"},\"datePublished\":\"2017-03-16T17:45:28+00:00\",\"dateModified\":\"2025-02-14T15:37:50+00:00\",\"breadcrumb\":{\"@id\":\"https:\\\/\\\/www.rdba.ca\\\/fr\\\/about-rdba\\\/#breadcrumb\"},\"inLanguage\":\"fr-FR\",\"potentialAction\":[{\"@type\":\"ReadAction\",\"target\":[\"https:\\\/\\\/www.rdba.ca\\\/fr\\\/about-rdba\\\/\"]}]},{\"@type\":\"BreadcrumbList\",\"@id\":\"https:\\\/\\\/www.rdba.ca\\\/fr\\\/about-rdba\\\/#breadcrumb\",\"itemListElement\":[{\"@type\":\"ListItem\",\"position\":1,\"name\":\"Home\",\"item\":\"https:\\\/\\\/www.rdba.ca\\\/fr\\\/\"},{\"@type\":\"ListItem\",\"position\":2,\"name\":\"\u00c0 propos de l\u2019ACDI\"}]},{\"@type\":\"WebSite\",\"@id\":\"https:\\\/\\\/www.rdba.ca\\\/#website\",\"url\":\"https:\\\/\\\/www.rdba.ca\\\/\",\"name\":\"Registered Deposit Brokers Association\",\"description\":\"\",\"publisher\":{\"@id\":\"https:\\\/\\\/www.rdba.ca\\\/#organization\"},\"potentialAction\":[{\"@type\":\"SearchAction\",\"target\":{\"@type\":\"EntryPoint\",\"urlTemplate\":\"https:\\\/\\\/www.rdba.ca\\\/?s={search_term_string}\"},\"query-input\":{\"@type\":\"PropertyValueSpecification\",\"valueRequired\":true,\"valueName\":\"search_term_string\"}}],\"inLanguage\":\"fr-FR\"},{\"@type\":\"Organization\",\"@id\":\"https:\\\/\\\/www.rdba.ca\\\/#organization\",\"name\":\"Registered Deposit Brokers Association\",\"url\":\"https:\\\/\\\/www.rdba.ca\\\/\",\"logo\":{\"@type\":\"ImageObject\",\"inLanguage\":\"fr-FR\",\"@id\":\"https:\\\/\\\/www.rdba.ca\\\/#\\\/schema\\\/logo\\\/image\\\/\",\"url\":\"https:\\\/\\\/www.rdba.ca\\\/wp-content\\\/uploads\\\/2017\\\/03\\\/logo.png\",\"contentUrl\":\"https:\\\/\\\/www.rdba.ca\\\/wp-content\\\/uploads\\\/2017\\\/03\\\/logo.png\",\"width\":322,\"height\":79,\"caption\":\"Registered Deposit Brokers Association\"},\"image\":{\"@id\":\"https:\\\/\\\/www.rdba.ca\\\/#\\\/schema\\\/logo\\\/image\\\/\"}}]}<\/script>\n<!-- \/ Yoast SEO plugin. -->","yoast_head_json":{"title":"\u00c0 propos de l\u2019ACDI - Registered Deposit Brokers Association","robots":{"index":"index","follow":"follow","max-snippet":"max-snippet:-1","max-image-preview":"max-image-preview:large","max-video-preview":"max-video-preview:-1"},"canonical":"https:\/\/www.rdba.ca\/fr\/about-rdba\/","og_locale":"fr_FR","og_type":"article","og_title":"\u00c0 propos de l\u2019ACDI - Registered Deposit Brokers Association","og_description":"Fond\u00e9e en 1986, l\u2019Association des courtiers en d\u00e9p\u00f4t inscrits (ACDI) est l\u2019association professionnelle canadienne de normalisation pour les courtiers de l\u2019industrie des d\u00e9p\u00f4ts. L\u2019ACDI prot\u00e8ge les int\u00e9r\u00eats des d\u00e9posants et renforce l\u2019int\u00e9grit\u00e9 du march\u00e9 et l\u2019efficacit\u00e9 des courtiers en d\u00e9p\u00f4t du Canada. L\u2019ACDI contribue \u00e0 l\u2019\u00e9laboration de projets r\u00e9glementaires, elle donne \u00e0 ses membres des &hellip; Continue reading \"\u00c0 propos de l\u2019ACDI\"","og_url":"https:\/\/www.rdba.ca\/fr\/about-rdba\/","og_site_name":"Registered Deposit Brokers Association","article_modified_time":"2025-02-14T15:37:50+00:00","twitter_card":"summary_large_image","twitter_misc":{"Dur\u00e9e de lecture estim\u00e9e":"1 minute"},"schema":{"@context":"https:\/\/schema.org","@graph":[{"@type":"WebPage","@id":"https:\/\/www.rdba.ca\/fr\/about-rdba\/","url":"https:\/\/www.rdba.ca\/fr\/about-rdba\/","name":"\u00c0 propos de l\u2019ACDI - Registered Deposit Brokers Association","isPartOf":{"@id":"https:\/\/www.rdba.ca\/#website"},"datePublished":"2017-03-16T17:45:28+00:00","dateModified":"2025-02-14T15:37:50+00:00","breadcrumb":{"@id":"https:\/\/www.rdba.ca\/fr\/about-rdba\/#breadcrumb"},"inLanguage":"fr-FR","potentialAction":[{"@type":"ReadAction","target":["https:\/\/www.rdba.ca\/fr\/about-rdba\/"]}]},{"@type":"BreadcrumbList","@id":"https:\/\/www.rdba.ca\/fr\/about-rdba\/#breadcrumb","itemListElement":[{"@type":"ListItem","position":1,"name":"Home","item":"https:\/\/www.rdba.ca\/fr\/"},{"@type":"ListItem","position":2,"name":"\u00c0 propos de l\u2019ACDI"}]},{"@type":"WebSite","@id":"https:\/\/www.rdba.ca\/#website","url":"https:\/\/www.rdba.ca\/","name":"Registered Deposit Brokers Association","description":"","publisher":{"@id":"https:\/\/www.rdba.ca\/#organization"},"potentialAction":[{"@type":"SearchAction","target":{"@type":"EntryPoint","urlTemplate":"https:\/\/www.rdba.ca\/?s={search_term_string}"},"query-input":{"@type":"PropertyValueSpecification","valueRequired":true,"valueName":"search_term_string"}}],"inLanguage":"fr-FR"},{"@type":"Organization","@id":"https:\/\/www.rdba.ca\/#organization","name":"Registered Deposit Brokers Association","url":"https:\/\/www.rdba.ca\/","logo":{"@type":"ImageObject","inLanguage":"fr-FR","@id":"https:\/\/www.rdba.ca\/#\/schema\/logo\/image\/","url":"https:\/\/www.rdba.ca\/wp-content\/uploads\/2017\/03\/logo.png","contentUrl":"https:\/\/www.rdba.ca\/wp-content\/uploads\/2017\/03\/logo.png","width":322,"height":79,"caption":"Registered Deposit Brokers Association"},"image":{"@id":"https:\/\/www.rdba.ca\/#\/schema\/logo\/image\/"}}]}},"_links":{"self":[{"href":"https:\/\/www.rdba.ca\/fr\/wp-json\/wp\/v2\/pages\/440","targetHints":{"allow":["GET"]}}],"collection":[{"href":"https:\/\/www.rdba.ca\/fr\/wp-json\/wp\/v2\/pages"}],"about":[{"href":"https:\/\/www.rdba.ca\/fr\/wp-json\/wp\/v2\/types\/page"}],"author":[{"embeddable":true,"href":"https:\/\/www.rdba.ca\/fr\/wp-json\/wp\/v2\/users\/3"}],"replies":[{"embeddable":true,"href":"https:\/\/www.rdba.ca\/fr\/wp-json\/wp\/v2\/comments?post=440"}],"version-history":[{"count":102,"href":"https:\/\/www.rdba.ca\/fr\/wp-json\/wp\/v2\/pages\/440\/revisions"}],"predecessor-version":[{"id":7852,"href":"https:\/\/www.rdba.ca\/fr\/wp-json\/wp\/v2\/pages\/440\/revisions\/7852"}],"wp:attachment":[{"href":"https:\/\/www.rdba.ca\/fr\/wp-json\/wp\/v2\/media?parent=440"}],"curies":[{"name":"wp","href":"https:\/\/api.w.org\/{rel}","templated":true}]}}