{"id":7518,"date":"2024-05-25T11:20:55","date_gmt":"2024-05-25T11:20:55","guid":{"rendered":"https:\/\/staging.rdba.ca\/home\/"},"modified":"2026-03-11T16:30:11","modified_gmt":"2026-03-11T16:30:11","slug":"home","status":"publish","type":"page","link":"https:\/\/www.rdba.ca\/fr\/","title":{"rendered":"Home"},"content":{"rendered":"<div class=\"fin_institut_title\">\n<h2>Membres des institutions financi\u00e8res<\/h2>\n<p><body><br \/>\n    <!-- Swiper --><\/p>\n<div class=\"swiper mySwiper\">\n<div class=\"swiper-wrapper\">\n<div class=\"swiper-slide\">\n<article class=\"logo-list\">\n            <span class=\"logo-thumb\"\n              ><a href=\"https:\/\/b2bbank.com\/\" target=\"_blank\" rel=\"noopener\"><img decoding=\"async\"\n                  title=\"Financial Institution Member\"\n                  src=\"https:\/\/www.rdba.ca\/wp-content\/uploads\/2017\/11\/b2b-bank_logo_colour.jpg\"\n                  alt=\"Financial Institution Member\"\n              \/><\/a><br \/>\n            <\/span><br \/>\n          <\/article>\n<\/p><\/div>\n<div class=\"swiper-slide\">\n<article class=\"logo-list\">\n            <span class=\"logo-thumb\"><br \/>\n              <a href=\"https:\/\/bridgewaterbank.ca\/\" target=\"_blank\" rel=\"noopener\"><img decoding=\"async\"\n                  title=\"Financial Institution Member\"\n                  src=\"https:\/\/www.rdba.ca\/wp-content\/uploads\/2022\/05\/bridgewater-bank-logo-2.png\"\n                  alt=\"Financial Institution Member\"\n              \/><\/a><br \/>\n            <\/span><br \/>\n          <\/article>\n<\/p><\/div>\n<div class=\"swiper-slide\">\n<article class=\"logo-list\">\n            <span class=\"logo-thumb\"><br \/>\n              <a href=\"https:\/\/www.duca.com\/\" target=\"_blank\" rel=\"noopener\"><img decoding=\"async\"\n                  title=\"Financial Institution Member\"\n                  src=\"https:\/\/www.rdba.ca\/wp-content\/uploads\/2020\/11\/duca-tag-e1606165192226.jpg\"\n                  alt=\"Financial Institution Member\"\n              \/><\/a><br \/>\n            <\/span><br \/>\n          <\/article>\n<\/p><\/div>\n<div class=\"swiper-slide\">\n<article class=\"logo-list\">\n            <span class=\"logo-thumb\"><br \/>\n              <a href=\"https:\/\/efforttrust.com\/\" target=\"_blank\" rel=\"noopener\"><img decoding=\"async\"\n                  title=\"Financial Institution Member\"\n                  src=\"https:\/\/www.rdba.ca\/wp-content\/uploads\/2017\/11\/effort_trust_logo_colour.jpg\"\n                  alt=\"Financial Institution Member\"\n              \/><\/a><br \/>\n            <\/span><br \/>\n          <\/article>\n<\/p><\/div>\n<div class=\"swiper-slide\">\n<article class=\"logo-list\">\n            <span class=\"logo-thumb\"><br \/>\n              <a href=\"https:\/\/www.generalbank.ca\/\" target=\"_blank\" rel=\"noopener\"><img decoding=\"async\"\n                  title=\"Financial Institution Member\"\n                  src=\"https:\/\/www.rdba.ca\/wp-content\/uploads\/2017\/11\/general_bank_logo_colour.jpg\"\n                  alt=\"Financial Institution Member\"\n              \/><\/a><br \/>\n            <\/span><br \/>\n          <\/article>\n<\/p><\/div>\n<div class=\"swiper-slide\">\n<article class=\"logo-list\"><span class=\"logo-thumb\"><br \/>\n<a href=\"https:\/\/www.habibcanadian.com\/\" target=\"_blank\" rel=\"noopener\"><img decoding=\"async\" title=\"Financial Institution Member\" src=\"https:\/\/www.rdba.ca\/wp-content\/uploads\/2024\/07\/HCB_newlogo_CMYK.jpg\" alt=\"Financial Institution Member\" \/><\/a><br \/>\n<\/span><\/article>\n<\/div>\n<div class=\"swiper-slide\">\n<article class=\"logo-list\">\n            <span class=\"logo-thumb\"><br \/>\n              <a href=\"https:\/\/www.haventreebank.com\/en\/\" target=\"_blank\" rel=\"noopener\"><img decoding=\"async\"\n                  title=\"Financial Institution Member\"\n                  src=\"https:\/\/www.rdba.ca\/wp-content\/uploads\/2022\/05\/haventree-bank-logo-en.jpg\"\n                  alt=\"Financial Institution Member\"\n              \/><\/a><br \/>\n            <\/span><br \/>\n          <\/article>\n<\/p><\/div>\n<div class=\"swiper-slide\">\n<article class=\"logo-list\">\n            <span class=\"logo-thumb\"><br \/>\n              <a href=\"https:\/\/mcanfinancial.com\/\" target=\"_blank\" rel=\"noopener\"><img decoding=\"async\"\n                  title=\"Financial Institution Member\"\n                  src=\"https:\/\/www.rdba.ca\/wp-content\/uploads\/2022\/05\/mcan-financial-logo.jpg\"\n                  alt=\"Financial Institution Member\"\n              \/><\/a><br \/>\n            <\/span><br \/>\n          <\/article>\n<\/p><\/div>\n<div class=\"swiper-slide\">\n<article class=\"logo-list\">\n            <span class=\"logo-thumb\"><br \/>\n              <a href=\"https:\/\/www.peacehills.com\/\" target=\"_blank\" rel=\"noopener\"><img decoding=\"async\"\n                  title=\"Financial Institution Member\"\n                  src=\"https:\/\/www.rdba.ca\/wp-content\/uploads\/2017\/11\/peace_hills_logo_colour.jpg\"\n                  alt=\"Financial Institution Member\"\n              \/><\/a><br \/>\n            <\/span><br \/>\n          <\/article>\n<\/p><\/div>\n<div class=\"swiper-slide\">\n<article class=\"logo-list\"><span class=\"logo-thumb\"><br \/>\n<a href=\"https:\/\/www.penfinancial.com\/\" target=\"_blank\" rel=\"noopener\"><img decoding=\"async\" title=\"Financial Institution Member\" src=\"https:\/\/www.rdba.ca\/wp-content\/uploads\/2025\/03\/PenFinancial-logo.webp\" alt=\"Financial Institution Member\" \/><\/a><br \/>\n<\/span><\/article>\n<\/div>\n<div class=\"swiper-slide\">\n<article class=\"logo-list\">\n            <span class=\"logo-thumb\"><br \/>\n              <a href=\"https:\/\/www.peoplestrust.com\" target=\"_blank\" rel=\"noopener\"><img decoding=\"async\"\n                  title=\"Financial Institution Member\"\n                  src=\"https:\/\/www.rdba.ca\/wp-content\/uploads\/2023\/03\/peoples_trust_company_logo.png\"\n                  alt=\"Financial Institution Member\"\n              \/><\/a><br \/>\n            <\/span><br \/>\n          <\/article>\n<\/p><\/div>\n<div class=\"swiper-slide\">\n<article class=\"logo-list\">\n            <span class=\"logo-thumb\"><br \/>\n              <a href=\"http:\/\/www.versabank.com\/\" target=\"_blank\" rel=\"noopener\"><img decoding=\"async\"\n                  title=\"Financial Institution Member\"\n                  src=\"https:\/\/www.rdba.ca\/wp-content\/uploads\/2017\/11\/versabank_logo_colour.jpg\"\n                  alt=\"Financial Institution Member\"\n              \/><\/a><br \/>\n            <\/span><br \/>\n          <\/article>\n<\/p><\/div>\n<div class=\"swiper-slide\">\n<article class=\"logo-list\">\n            <span class=\"logo-thumb\"><br \/>\n              <a href=\"https:\/\/www.wealthonebankofcanada.com\/\" target=\"_blank\" rel=\"noopener\"><img decoding=\"async\"\n                  title=\"Financial Institution Member\"\n                  src=\"https:\/\/www.rdba.ca\/wp-content\/uploads\/2023\/12\/WealthONE-logo-1.png\"\n                  alt=\"Financial Institution Member\"\n              \/><\/a><br \/>\n            <\/span><br \/>\n          <\/article>\n<\/p><\/div>\n<\/p><\/div>\n<\/p><\/div>\n<p>    <!-- Swiper JS --><br \/>\n    <script src=\"https:\/\/cdn.jsdelivr.net\/npm\/swiper@11\/swiper-bundle.min.js\"><\/script><\/p>\n<p>    <!-- Initialize Swiper --><br \/>\n     <script>\n      var swiper = new Swiper(\".mySwiper\", {\n        loop: \"true\",\n        slidesPerView: \"auto\",\n        spaceBetween: 115,\n        autoplay: {\n          delay: 3500,\n          disableOnInteraction: true,\n        },\n        pagination: {\n          el: \".swiper-pagination\",\n          clickable: true,\n        },\n        breakpoints: {\n          575: {\n          slidesPerView: 2,\n          spaceBetween: 20,\n       },\n          767: {\n          slidesPerView: 3,\n          spaceBetween: 30,\n       },\n         1000: {\n          slidesPerView: 4,\n          spaceBetween: 40,\n      },\n         1200: {\n          slidesPerView: 4,\n          spaceBetween: 50,\n      },\n        1440: {\n          slidesPerView: 5,\n          spaceBetween: 50,\n      },\n    }\n      });\n    <\/script><br \/>\n  <\/body><\/p>\n<\/div>\n<div class=\"col_one_half\">\n<div class=\"col_one_half_img\"><div class=\"su-vimeo su-u-responsive-media-yes\"><iframe loading=\"lazy\" width=\"960\" height=\"540\" src=\"\/\/player.vimeo.com\/video\/1172578814?title=0&amp;byline=0&amp;portrait=0&amp;color=ffffff&amp;autoplay=0&amp;dnt=0&amp;muted=0&amp;texttrack=\" frameborder=\"0\" allow=\"autoplay; fullscreen\" allowfullscreen title=\"\"><\/iframe><\/div><div class=\"su-spacer\" style=\"height:40px\"><\/div><\/div>\n<div class=\"col_one_half_title\">\n<h2>Pourquoi travailler avec un courtier en d\u00e9p\u00f4ts ?<\/h2>\n<p>Les courtiers en d\u00e9p\u00f4ts de RDBA maximisent votre rendement en acc\u00e9dant \u00e0 un large \u00e9ventail d&rsquo;\u00e9metteurs de d\u00e9p\u00f4ts pour obtenir les meilleurs taux. Ils recommandent des d\u00e9p\u00f4ts qui sont assur\u00e9s par la Soci\u00e9t\u00e9 d&rsquo;assurance-d\u00e9p\u00f4ts du Canada ou par un assureur-d\u00e9p\u00f4ts provincial.<\/p>\n<a href=\"\/fr\/about-rdba\/\" class=\"su-button su-button-style-default about_btn\" style=\"color:#FFFFFF;background-color:#BF1D2F;border-color:#991826;border-radius:5px\" target=\"_self\"><span style=\"color:#FFFFFF;padding:0px 16px;font-size:13px;line-height:26px;border-color:#d3616e;border-radius:5px;text-shadow:none\"> \n\u00c0 propos de RDBA<small style=\"padding-bottom:6px;color:#FFFFFF\"> <\/small><\/span><\/a>\n<\/div>\n<\/div>\n","protected":false},"excerpt":{"rendered":"<p>Membres des institutions financi\u00e8res Pourquoi travailler avec un courtier en d\u00e9p\u00f4ts ? Les courtiers en d\u00e9p\u00f4ts de RDBA maximisent votre rendement en acc\u00e9dant \u00e0 un large \u00e9ventail d&rsquo;\u00e9metteurs de d\u00e9p\u00f4ts pour obtenir les meilleurs taux. Ils recommandent des d\u00e9p\u00f4ts qui sont assur\u00e9s par la Soci\u00e9t\u00e9 d&rsquo;assurance-d\u00e9p\u00f4ts du Canada ou par un assureur-d\u00e9p\u00f4ts provincial.<\/p>\n","protected":false},"author":3,"featured_media":0,"parent":0,"menu_order":1,"comment_status":"closed","ping_status":"closed","template":"front-page.php","meta":{"_acf_changed":false,"footnotes":""},"class_list":["post-7518","page","type-page","status-publish","hentry"],"acf":[],"yoast_head":"<!-- This site is optimized with the Yoast SEO plugin v27.3 - https:\/\/yoast.com\/product\/yoast-seo-wordpress\/ -->\n<title>Home - Registered Deposit Brokers Association<\/title>\n<meta name=\"description\" content=\"Registered Deposit Brokers Association (RDBA) is the professional standards association for the Canadian client name deposit industry. Guaranteed Investment Certificates are one of the best investments to keep your money safe.\" \/>\n<meta name=\"robots\" content=\"index, follow, max-snippet:-1, max-image-preview:large, max-video-preview:-1\" \/>\n<link rel=\"canonical\" href=\"https:\/\/www.rdba.ca\/fr\/\" \/>\n<meta property=\"og:locale\" content=\"fr_FR\" \/>\n<meta property=\"og:type\" content=\"article\" \/>\n<meta property=\"og:title\" content=\"Home - Registered Deposit Brokers Association\" \/>\n<meta property=\"og:description\" content=\"Registered Deposit Brokers Association (RDBA) is the professional standards association for the Canadian client name deposit industry. Guaranteed Investment Certificates are one of the best investments to keep your money safe.\" \/>\n<meta property=\"og:url\" content=\"https:\/\/www.rdba.ca\/fr\/\" \/>\n<meta property=\"og:site_name\" content=\"Registered Deposit Brokers Association\" \/>\n<meta property=\"article:modified_time\" content=\"2026-03-11T16:30:11+00:00\" \/>\n<meta property=\"og:image\" content=\"https:\/\/www.rdba.ca\/wp-content\/uploads\/2024\/07\/HCB_newlogo_CMYK.jpg\" \/>\n<meta name=\"twitter:card\" content=\"summary_large_image\" \/>\n<meta name=\"twitter:label1\" content=\"Dur\u00e9e de lecture estim\u00e9e\" \/>\n\t<meta name=\"twitter:data1\" content=\"4 minutes\" \/>\n<script type=\"application\/ld+json\" class=\"yoast-schema-graph\">{\"@context\":\"https:\\\/\\\/schema.org\",\"@graph\":[{\"@type\":\"WebPage\",\"@id\":\"https:\\\/\\\/www.rdba.ca\\\/fr\\\/\",\"url\":\"https:\\\/\\\/www.rdba.ca\\\/fr\\\/\",\"name\":\"Home - Registered Deposit Brokers Association\",\"isPartOf\":{\"@id\":\"https:\\\/\\\/www.rdba.ca\\\/#website\"},\"primaryImageOfPage\":{\"@id\":\"https:\\\/\\\/www.rdba.ca\\\/fr\\\/#primaryimage\"},\"image\":{\"@id\":\"https:\\\/\\\/www.rdba.ca\\\/fr\\\/#primaryimage\"},\"thumbnailUrl\":\"https:\\\/\\\/www.rdba.ca\\\/wp-content\\\/uploads\\\/2024\\\/07\\\/HCB_newlogo_CMYK.jpg\",\"datePublished\":\"2024-05-25T11:20:55+00:00\",\"dateModified\":\"2026-03-11T16:30:11+00:00\",\"description\":\"Registered Deposit Brokers Association (RDBA) is the professional standards association for the Canadian client name deposit industry. Guaranteed Investment Certificates are one of the best investments to keep your money safe.\",\"breadcrumb\":{\"@id\":\"https:\\\/\\\/www.rdba.ca\\\/fr\\\/#breadcrumb\"},\"inLanguage\":\"fr-FR\",\"potentialAction\":[{\"@type\":\"ReadAction\",\"target\":[\"https:\\\/\\\/www.rdba.ca\\\/fr\\\/\"]}]},{\"@type\":\"ImageObject\",\"inLanguage\":\"fr-FR\",\"@id\":\"https:\\\/\\\/www.rdba.ca\\\/fr\\\/#primaryimage\",\"url\":\"https:\\\/\\\/www.rdba.ca\\\/wp-content\\\/uploads\\\/2024\\\/07\\\/HCB_newlogo_CMYK.jpg\",\"contentUrl\":\"https:\\\/\\\/www.rdba.ca\\\/wp-content\\\/uploads\\\/2024\\\/07\\\/HCB_newlogo_CMYK.jpg\"},{\"@type\":\"BreadcrumbList\",\"@id\":\"https:\\\/\\\/www.rdba.ca\\\/fr\\\/#breadcrumb\",\"itemListElement\":[{\"@type\":\"ListItem\",\"position\":1,\"name\":\"Home\",\"item\":\"https:\\\/\\\/www.rdba.ca\\\/fr\\\/\"},{\"@type\":\"ListItem\",\"position\":2,\"name\":\"Home\"}]},{\"@type\":\"WebSite\",\"@id\":\"https:\\\/\\\/www.rdba.ca\\\/#website\",\"url\":\"https:\\\/\\\/www.rdba.ca\\\/\",\"name\":\"Registered Deposit Brokers Association\",\"description\":\"\",\"publisher\":{\"@id\":\"https:\\\/\\\/www.rdba.ca\\\/#organization\"},\"potentialAction\":[{\"@type\":\"SearchAction\",\"target\":{\"@type\":\"EntryPoint\",\"urlTemplate\":\"https:\\\/\\\/www.rdba.ca\\\/?s={search_term_string}\"},\"query-input\":{\"@type\":\"PropertyValueSpecification\",\"valueRequired\":true,\"valueName\":\"search_term_string\"}}],\"inLanguage\":\"fr-FR\"},{\"@type\":\"Organization\",\"@id\":\"https:\\\/\\\/www.rdba.ca\\\/#organization\",\"name\":\"Registered Deposit Brokers Association\",\"url\":\"https:\\\/\\\/www.rdba.ca\\\/\",\"logo\":{\"@type\":\"ImageObject\",\"inLanguage\":\"fr-FR\",\"@id\":\"https:\\\/\\\/www.rdba.ca\\\/#\\\/schema\\\/logo\\\/image\\\/\",\"url\":\"https:\\\/\\\/www.rdba.ca\\\/wp-content\\\/uploads\\\/2017\\\/03\\\/logo.png\",\"contentUrl\":\"https:\\\/\\\/www.rdba.ca\\\/wp-content\\\/uploads\\\/2017\\\/03\\\/logo.png\",\"width\":322,\"height\":79,\"caption\":\"Registered Deposit Brokers Association\"},\"image\":{\"@id\":\"https:\\\/\\\/www.rdba.ca\\\/#\\\/schema\\\/logo\\\/image\\\/\"}}]}<\/script>\n<!-- \/ Yoast SEO plugin. -->","yoast_head_json":{"title":"Home - Registered Deposit Brokers Association","description":"Registered Deposit Brokers Association (RDBA) is the professional standards association for the Canadian client name deposit industry. Guaranteed Investment Certificates are one of the best investments to keep your money safe.","robots":{"index":"index","follow":"follow","max-snippet":"max-snippet:-1","max-image-preview":"max-image-preview:large","max-video-preview":"max-video-preview:-1"},"canonical":"https:\/\/www.rdba.ca\/fr\/","og_locale":"fr_FR","og_type":"article","og_title":"Home - Registered Deposit Brokers Association","og_description":"Registered Deposit Brokers Association (RDBA) is the professional standards association for the Canadian client name deposit industry. Guaranteed Investment Certificates are one of the best investments to keep your money safe.","og_url":"https:\/\/www.rdba.ca\/fr\/","og_site_name":"Registered Deposit Brokers Association","article_modified_time":"2026-03-11T16:30:11+00:00","og_image":[{"url":"https:\/\/www.rdba.ca\/wp-content\/uploads\/2024\/07\/HCB_newlogo_CMYK.jpg","type":"","width":"","height":""}],"twitter_card":"summary_large_image","twitter_misc":{"Dur\u00e9e de lecture estim\u00e9e":"4 minutes"},"schema":{"@context":"https:\/\/schema.org","@graph":[{"@type":"WebPage","@id":"https:\/\/www.rdba.ca\/fr\/","url":"https:\/\/www.rdba.ca\/fr\/","name":"Home - Registered Deposit Brokers Association","isPartOf":{"@id":"https:\/\/www.rdba.ca\/#website"},"primaryImageOfPage":{"@id":"https:\/\/www.rdba.ca\/fr\/#primaryimage"},"image":{"@id":"https:\/\/www.rdba.ca\/fr\/#primaryimage"},"thumbnailUrl":"https:\/\/www.rdba.ca\/wp-content\/uploads\/2024\/07\/HCB_newlogo_CMYK.jpg","datePublished":"2024-05-25T11:20:55+00:00","dateModified":"2026-03-11T16:30:11+00:00","description":"Registered Deposit Brokers Association (RDBA) is the professional standards association for the Canadian client name deposit industry. Guaranteed Investment Certificates are one of the best investments to keep your money safe.","breadcrumb":{"@id":"https:\/\/www.rdba.ca\/fr\/#breadcrumb"},"inLanguage":"fr-FR","potentialAction":[{"@type":"ReadAction","target":["https:\/\/www.rdba.ca\/fr\/"]}]},{"@type":"ImageObject","inLanguage":"fr-FR","@id":"https:\/\/www.rdba.ca\/fr\/#primaryimage","url":"https:\/\/www.rdba.ca\/wp-content\/uploads\/2024\/07\/HCB_newlogo_CMYK.jpg","contentUrl":"https:\/\/www.rdba.ca\/wp-content\/uploads\/2024\/07\/HCB_newlogo_CMYK.jpg"},{"@type":"BreadcrumbList","@id":"https:\/\/www.rdba.ca\/fr\/#breadcrumb","itemListElement":[{"@type":"ListItem","position":1,"name":"Home","item":"https:\/\/www.rdba.ca\/fr\/"},{"@type":"ListItem","position":2,"name":"Home"}]},{"@type":"WebSite","@id":"https:\/\/www.rdba.ca\/#website","url":"https:\/\/www.rdba.ca\/","name":"Registered Deposit Brokers Association","description":"","publisher":{"@id":"https:\/\/www.rdba.ca\/#organization"},"potentialAction":[{"@type":"SearchAction","target":{"@type":"EntryPoint","urlTemplate":"https:\/\/www.rdba.ca\/?s={search_term_string}"},"query-input":{"@type":"PropertyValueSpecification","valueRequired":true,"valueName":"search_term_string"}}],"inLanguage":"fr-FR"},{"@type":"Organization","@id":"https:\/\/www.rdba.ca\/#organization","name":"Registered Deposit Brokers Association","url":"https:\/\/www.rdba.ca\/","logo":{"@type":"ImageObject","inLanguage":"fr-FR","@id":"https:\/\/www.rdba.ca\/#\/schema\/logo\/image\/","url":"https:\/\/www.rdba.ca\/wp-content\/uploads\/2017\/03\/logo.png","contentUrl":"https:\/\/www.rdba.ca\/wp-content\/uploads\/2017\/03\/logo.png","width":322,"height":79,"caption":"Registered Deposit Brokers Association"},"image":{"@id":"https:\/\/www.rdba.ca\/#\/schema\/logo\/image\/"}}]}},"_links":{"self":[{"href":"https:\/\/www.rdba.ca\/fr\/wp-json\/wp\/v2\/pages\/7518","targetHints":{"allow":["GET"]}}],"collection":[{"href":"https:\/\/www.rdba.ca\/fr\/wp-json\/wp\/v2\/pages"}],"about":[{"href":"https:\/\/www.rdba.ca\/fr\/wp-json\/wp\/v2\/types\/page"}],"author":[{"embeddable":true,"href":"https:\/\/www.rdba.ca\/fr\/wp-json\/wp\/v2\/users\/3"}],"replies":[{"embeddable":true,"href":"https:\/\/www.rdba.ca\/fr\/wp-json\/wp\/v2\/comments?post=7518"}],"version-history":[{"count":53,"href":"https:\/\/www.rdba.ca\/fr\/wp-json\/wp\/v2\/pages\/7518\/revisions"}],"predecessor-version":[{"id":8123,"href":"https:\/\/www.rdba.ca\/fr\/wp-json\/wp\/v2\/pages\/7518\/revisions\/8123"}],"wp:attachment":[{"href":"https:\/\/www.rdba.ca\/fr\/wp-json\/wp\/v2\/media?parent=7518"}],"curies":[{"name":"wp","href":"https:\/\/api.w.org\/{rel}","templated":true}]}}