{"id":7741,"date":"2024-07-12T18:42:53","date_gmt":"2024-07-12T18:42:53","guid":{"rendered":"https:\/\/staging.rdba.ca\/?page_id=7741"},"modified":"2026-03-11T16:21:36","modified_gmt":"2026-03-11T16:21:36","slug":"membres-des-institutions-financieres","status":"publish","type":"page","link":"https:\/\/www.rdba.ca\/fr\/membres-des-institutions-financieres\/","title":{"rendered":"Membres des institutions financi\u00e8res"},"content":{"rendered":"<div class=\"col_one_half\">\n<div class=\"col_one_half_img\"><div class=\"su-vimeo su-u-responsive-media-yes\"><iframe loading=\"lazy\" width=\"960\" height=\"540\" src=\"\/\/player.vimeo.com\/video\/1172582319?title=0&amp;byline=0&amp;portrait=0&amp;color=ffffff&amp;autoplay=0&amp;dnt=0&amp;muted=0&amp;texttrack=\" frameborder=\"0\" allow=\"autoplay; fullscreen\" allowfullscreen title=\"\"><\/iframe><\/div><\/div>\n<div class=\"col_one_half_title\">\n<h2>Pourquoi travailler avec un courtier en d\u00e9p\u00f4ts ?<\/h2>\n<p>Les courtiers de d\u00e9p\u00f4t RDBA maximisent vos rendements en offrant un acc\u00e8s unique \u00e0 un large \u00e9ventail d&rsquo;institutions de d\u00e9p\u00f4t et de strat\u00e9gies pour r\u00e9pondre \u00e0 vos besoins de placement garanti.<br \/>\nIls recommandent des d\u00e9p\u00f4ts assur\u00e9s par la Soci\u00e9t\u00e9 d\u2019assurance-d\u00e9p\u00f4ts du Canada ou par un assureur-d\u00e9p\u00f4ts provincial et g\u00e8rent vos d\u00e9p\u00f4ts pour s\u2019assurer qu\u2019ils ne d\u00e9passent pas les limites d\u2019assurance-d\u00e9p\u00f4ts.<br \/>\nDe nombreux courtiers en d\u00e9p\u00f4t sont \u00e9galement qualifi\u00e9s pour fournir d\u2019autres produits financiers tels que des fonds d\u2019assurance et d\u2019investissement.<\/p>\n<a href=\"\/fr\/about-rdba\/\" class=\"su-button su-button-style-default about_btn\" style=\"color:#FFFFFF;background-color:#BF1D2F;border-color:#991826;border-radius:5px\" target=\"_self\"><span style=\"color:#FFFFFF;padding:0px 16px;font-size:13px;line-height:26px;border-color:#d3616e;border-radius:5px;text-shadow:none\"> \n\u00c0 propos de RDBA<small style=\"padding-bottom:6px;color:#FFFFFF\"> <\/small><\/span><\/a>\n<\/div>\n<\/div>\n<div class=\"value_membership_container\">\n<h3 class=\"value_membership_title\">Valeur de l\u2019adh\u00e9sion \u00e0 l\u2019ACDI<\/h3>\n<ul>\n<div class=\"value_membership_container_left\">\n<li>\n<p>Un test sur la lutte contre le blanchiment d\u2019argent qui a \u00e9t\u00e9 approuv\u00e9 par nos IF membres pour la vente de CPG enregistr\u00e9s aux noms des clients.<\/p>\n<\/li>\n<li>\n<p>Une formation sur la lutte contre le blanchiment d\u2019argent mise en place pour se renseigner sur les nouvelles r\u00e8gles avant qu\u2019elles n\u2019entrent en vigueur.<\/p>\n<\/li>\n<li>\n<p>Les r\u00e9sultats du test sur la lutte contre le blanchiment d\u2019argent sont automatiquement transmis \u00e0 toutes les IF membres de l\u2019ACDI avec qui vous faites des d\u00e9p\u00f4ts.<\/p>\n<\/li>\n<\/div>\n<div class=\"value_membership_container_right\">\n<li>\n<p>Formulaires normalis\u00e9s de l\u2019industrie approuv\u00e9s par les IF membres.<\/p>\n<\/li>\n<li>\n<p>Un questionnaire annuel de conformit\u00e9 des courtiers que doivent remplir tous les courtiers en d\u00e9p\u00f4t qui ont un contrat avec une agence, dont les r\u00e9sultats sont automatiquement transmis \u00e0 toutes les IF membres de l\u2019ACDI avec qui le courtier effectue des d\u00e9p\u00f4ts.<\/p>\n<\/li>\n<li>\n<p>Le nom et le profil d\u2019entreprise des membres de l\u2019ACDI sont affich\u00e9s sur le site Web de l\u2019ACDI et ils peuvent \u00eatre consult\u00e9s au moyen du moteur de recherche sur les courtiers en d\u00e9p\u00f4t.<\/p>\n<\/li>\n<\/ul>\n<\/div>\n","protected":false},"excerpt":{"rendered":"<p>Pourquoi travailler avec un courtier en d\u00e9p\u00f4ts ? Les courtiers de d\u00e9p\u00f4t RDBA maximisent vos rendements en offrant un acc\u00e8s unique \u00e0 un large \u00e9ventail d&rsquo;institutions de d\u00e9p\u00f4t et de strat\u00e9gies pour r\u00e9pondre \u00e0 vos besoins de placement garanti. Ils recommandent des d\u00e9p\u00f4ts assur\u00e9s par la Soci\u00e9t\u00e9 d\u2019assurance-d\u00e9p\u00f4ts du Canada ou par un assureur-d\u00e9p\u00f4ts provincial &hellip; <\/p>\n<p class=\"link-more\"><a href=\"https:\/\/www.rdba.ca\/fr\/membres-des-institutions-financieres\/\" class=\"more-link\">Continue reading<span class=\"screen-reader-text\"> \u00ab\u00a0Membres des institutions financi\u00e8res\u00a0\u00bb<\/span><\/a><\/p>\n","protected":false},"author":3,"featured_media":0,"parent":0,"menu_order":0,"comment_status":"closed","ping_status":"closed","template":"finansial_institution_of_members.php","meta":{"_acf_changed":false,"footnotes":""},"class_list":["post-7741","page","type-page","status-publish","hentry"],"acf":[],"yoast_head":"<!-- This site is optimized with the Yoast SEO plugin v27.3 - https:\/\/yoast.com\/product\/yoast-seo-wordpress\/ -->\n<title>Membres des institutions financi\u00e8res - Registered Deposit Brokers Association<\/title>\n<meta name=\"robots\" content=\"index, follow, max-snippet:-1, max-image-preview:large, max-video-preview:-1\" \/>\n<link rel=\"canonical\" href=\"https:\/\/www.rdba.ca\/fr\/membres-des-institutions-financieres\/\" \/>\n<meta property=\"og:locale\" content=\"fr_FR\" \/>\n<meta property=\"og:type\" content=\"article\" \/>\n<meta property=\"og:title\" content=\"Membres des institutions financi\u00e8res - Registered Deposit Brokers Association\" \/>\n<meta property=\"og:description\" content=\"Pourquoi travailler avec un courtier en d\u00e9p\u00f4ts ? Les courtiers de d\u00e9p\u00f4t RDBA maximisent vos rendements en offrant un acc\u00e8s unique \u00e0 un large \u00e9ventail d&rsquo;institutions de d\u00e9p\u00f4t et de strat\u00e9gies pour r\u00e9pondre \u00e0 vos besoins de placement garanti. Ils recommandent des d\u00e9p\u00f4ts assur\u00e9s par la Soci\u00e9t\u00e9 d\u2019assurance-d\u00e9p\u00f4ts du Canada ou par un assureur-d\u00e9p\u00f4ts provincial &hellip; Continue reading &quot;Membres des institutions financi\u00e8res&quot;\" \/>\n<meta property=\"og:url\" content=\"https:\/\/www.rdba.ca\/fr\/membres-des-institutions-financieres\/\" \/>\n<meta property=\"og:site_name\" content=\"Registered Deposit Brokers Association\" \/>\n<meta property=\"article:modified_time\" content=\"2026-03-11T16:21:36+00:00\" \/>\n<meta name=\"twitter:card\" content=\"summary_large_image\" \/>\n<meta name=\"twitter:label1\" content=\"Dur\u00e9e de lecture estim\u00e9e\" \/>\n\t<meta name=\"twitter:data1\" content=\"2 minutes\" \/>\n<script type=\"application\/ld+json\" class=\"yoast-schema-graph\">{\"@context\":\"https:\\\/\\\/schema.org\",\"@graph\":[{\"@type\":\"WebPage\",\"@id\":\"https:\\\/\\\/www.rdba.ca\\\/fr\\\/membres-des-institutions-financieres\\\/\",\"url\":\"https:\\\/\\\/www.rdba.ca\\\/fr\\\/membres-des-institutions-financieres\\\/\",\"name\":\"Membres des institutions financi\u00e8res - Registered Deposit Brokers Association\",\"isPartOf\":{\"@id\":\"https:\\\/\\\/www.rdba.ca\\\/#website\"},\"datePublished\":\"2024-07-12T18:42:53+00:00\",\"dateModified\":\"2026-03-11T16:21:36+00:00\",\"breadcrumb\":{\"@id\":\"https:\\\/\\\/www.rdba.ca\\\/fr\\\/membres-des-institutions-financieres\\\/#breadcrumb\"},\"inLanguage\":\"fr-FR\",\"potentialAction\":[{\"@type\":\"ReadAction\",\"target\":[\"https:\\\/\\\/www.rdba.ca\\\/fr\\\/membres-des-institutions-financieres\\\/\"]}]},{\"@type\":\"BreadcrumbList\",\"@id\":\"https:\\\/\\\/www.rdba.ca\\\/fr\\\/membres-des-institutions-financieres\\\/#breadcrumb\",\"itemListElement\":[{\"@type\":\"ListItem\",\"position\":1,\"name\":\"Home\",\"item\":\"https:\\\/\\\/www.rdba.ca\\\/fr\\\/\"},{\"@type\":\"ListItem\",\"position\":2,\"name\":\"Membres des institutions financi\u00e8res\"}]},{\"@type\":\"WebSite\",\"@id\":\"https:\\\/\\\/www.rdba.ca\\\/#website\",\"url\":\"https:\\\/\\\/www.rdba.ca\\\/\",\"name\":\"Registered Deposit Brokers Association\",\"description\":\"\",\"publisher\":{\"@id\":\"https:\\\/\\\/www.rdba.ca\\\/#organization\"},\"potentialAction\":[{\"@type\":\"SearchAction\",\"target\":{\"@type\":\"EntryPoint\",\"urlTemplate\":\"https:\\\/\\\/www.rdba.ca\\\/?s={search_term_string}\"},\"query-input\":{\"@type\":\"PropertyValueSpecification\",\"valueRequired\":true,\"valueName\":\"search_term_string\"}}],\"inLanguage\":\"fr-FR\"},{\"@type\":\"Organization\",\"@id\":\"https:\\\/\\\/www.rdba.ca\\\/#organization\",\"name\":\"Registered Deposit Brokers Association\",\"url\":\"https:\\\/\\\/www.rdba.ca\\\/\",\"logo\":{\"@type\":\"ImageObject\",\"inLanguage\":\"fr-FR\",\"@id\":\"https:\\\/\\\/www.rdba.ca\\\/#\\\/schema\\\/logo\\\/image\\\/\",\"url\":\"https:\\\/\\\/www.rdba.ca\\\/wp-content\\\/uploads\\\/2017\\\/03\\\/logo.png\",\"contentUrl\":\"https:\\\/\\\/www.rdba.ca\\\/wp-content\\\/uploads\\\/2017\\\/03\\\/logo.png\",\"width\":322,\"height\":79,\"caption\":\"Registered Deposit Brokers Association\"},\"image\":{\"@id\":\"https:\\\/\\\/www.rdba.ca\\\/#\\\/schema\\\/logo\\\/image\\\/\"}}]}<\/script>\n<!-- \/ Yoast SEO plugin. -->","yoast_head_json":{"title":"Membres des institutions financi\u00e8res - Registered Deposit Brokers Association","robots":{"index":"index","follow":"follow","max-snippet":"max-snippet:-1","max-image-preview":"max-image-preview:large","max-video-preview":"max-video-preview:-1"},"canonical":"https:\/\/www.rdba.ca\/fr\/membres-des-institutions-financieres\/","og_locale":"fr_FR","og_type":"article","og_title":"Membres des institutions financi\u00e8res - Registered Deposit Brokers Association","og_description":"Pourquoi travailler avec un courtier en d\u00e9p\u00f4ts ? Les courtiers de d\u00e9p\u00f4t RDBA maximisent vos rendements en offrant un acc\u00e8s unique \u00e0 un large \u00e9ventail d&rsquo;institutions de d\u00e9p\u00f4t et de strat\u00e9gies pour r\u00e9pondre \u00e0 vos besoins de placement garanti. Ils recommandent des d\u00e9p\u00f4ts assur\u00e9s par la Soci\u00e9t\u00e9 d\u2019assurance-d\u00e9p\u00f4ts du Canada ou par un assureur-d\u00e9p\u00f4ts provincial &hellip; Continue reading \"Membres des institutions financi\u00e8res\"","og_url":"https:\/\/www.rdba.ca\/fr\/membres-des-institutions-financieres\/","og_site_name":"Registered Deposit Brokers Association","article_modified_time":"2026-03-11T16:21:36+00:00","twitter_card":"summary_large_image","twitter_misc":{"Dur\u00e9e de lecture estim\u00e9e":"2 minutes"},"schema":{"@context":"https:\/\/schema.org","@graph":[{"@type":"WebPage","@id":"https:\/\/www.rdba.ca\/fr\/membres-des-institutions-financieres\/","url":"https:\/\/www.rdba.ca\/fr\/membres-des-institutions-financieres\/","name":"Membres des institutions financi\u00e8res - Registered Deposit Brokers Association","isPartOf":{"@id":"https:\/\/www.rdba.ca\/#website"},"datePublished":"2024-07-12T18:42:53+00:00","dateModified":"2026-03-11T16:21:36+00:00","breadcrumb":{"@id":"https:\/\/www.rdba.ca\/fr\/membres-des-institutions-financieres\/#breadcrumb"},"inLanguage":"fr-FR","potentialAction":[{"@type":"ReadAction","target":["https:\/\/www.rdba.ca\/fr\/membres-des-institutions-financieres\/"]}]},{"@type":"BreadcrumbList","@id":"https:\/\/www.rdba.ca\/fr\/membres-des-institutions-financieres\/#breadcrumb","itemListElement":[{"@type":"ListItem","position":1,"name":"Home","item":"https:\/\/www.rdba.ca\/fr\/"},{"@type":"ListItem","position":2,"name":"Membres des institutions financi\u00e8res"}]},{"@type":"WebSite","@id":"https:\/\/www.rdba.ca\/#website","url":"https:\/\/www.rdba.ca\/","name":"Registered Deposit Brokers Association","description":"","publisher":{"@id":"https:\/\/www.rdba.ca\/#organization"},"potentialAction":[{"@type":"SearchAction","target":{"@type":"EntryPoint","urlTemplate":"https:\/\/www.rdba.ca\/?s={search_term_string}"},"query-input":{"@type":"PropertyValueSpecification","valueRequired":true,"valueName":"search_term_string"}}],"inLanguage":"fr-FR"},{"@type":"Organization","@id":"https:\/\/www.rdba.ca\/#organization","name":"Registered Deposit Brokers Association","url":"https:\/\/www.rdba.ca\/","logo":{"@type":"ImageObject","inLanguage":"fr-FR","@id":"https:\/\/www.rdba.ca\/#\/schema\/logo\/image\/","url":"https:\/\/www.rdba.ca\/wp-content\/uploads\/2017\/03\/logo.png","contentUrl":"https:\/\/www.rdba.ca\/wp-content\/uploads\/2017\/03\/logo.png","width":322,"height":79,"caption":"Registered Deposit Brokers Association"},"image":{"@id":"https:\/\/www.rdba.ca\/#\/schema\/logo\/image\/"}}]}},"_links":{"self":[{"href":"https:\/\/www.rdba.ca\/fr\/wp-json\/wp\/v2\/pages\/7741","targetHints":{"allow":["GET"]}}],"collection":[{"href":"https:\/\/www.rdba.ca\/fr\/wp-json\/wp\/v2\/pages"}],"about":[{"href":"https:\/\/www.rdba.ca\/fr\/wp-json\/wp\/v2\/types\/page"}],"author":[{"embeddable":true,"href":"https:\/\/www.rdba.ca\/fr\/wp-json\/wp\/v2\/users\/3"}],"replies":[{"embeddable":true,"href":"https:\/\/www.rdba.ca\/fr\/wp-json\/wp\/v2\/comments?post=7741"}],"version-history":[{"count":14,"href":"https:\/\/www.rdba.ca\/fr\/wp-json\/wp\/v2\/pages\/7741\/revisions"}],"predecessor-version":[{"id":8121,"href":"https:\/\/www.rdba.ca\/fr\/wp-json\/wp\/v2\/pages\/7741\/revisions\/8121"}],"wp:attachment":[{"href":"https:\/\/www.rdba.ca\/fr\/wp-json\/wp\/v2\/media?parent=7741"}],"curies":[{"name":"wp","href":"https:\/\/api.w.org\/{rel}","templated":true}]}}